{"id":7,"date":"2018-10-21T18:30:18","date_gmt":"2018-10-21T16:30:18","guid":{"rendered":"https:\/\/marieslinse.wordpress.com\/?page_id=2"},"modified":"2018-10-21T18:30:18","modified_gmt":"2018-10-21T16:30:18","slug":"ueber","status":"publish","type":"page","link":"https:\/\/maries-linse.de\/index.php\/ueber\/","title":{"rendered":"\u00dcber"},"content":{"rendered":"\n<div class=\"wp-block-media-text alignwide has-media-on-the-right is-stacked-on-mobile is-vertically-aligned-top\" style=\"grid-template-columns:auto 37%;\"><figure class=\"wp-block-media-text__media\"><img src=\"https:\/\/marieslinse.files.wordpress.com\/2018\/10\/2017-08-05-tossa-de-mar-3.jpg?w=683\" alt=\"\" class=\"wp-image-15\" \/><\/figure><div class=\"wp-block-media-text__content\">\n<p style=\"font-size:18px;\" class=\"has-drop-cap\">Schon als Kind habe ich es geliebt zu fotografieren. Erst mit einer kleinen analogen Kamera, sp\u00e4ter mit einer analogen Spiegelreflexkamera und seit 10 Jahren mit einer digitalen Spiegelreflexkamera. Dieses Hobby begleitet mich bis heute. Es bereitet mir viel Freude, sch\u00f6ne Dinge mit meiner Kamera festzuhalten! Sowohl Menschen als auch die Natur! Zu fotografieren bedeutet f\u00fcr mich sowohl sch\u00f6ne Momente festzuhalten und somit Erinnerungen zu schaffen als auch durch meine Bilder etwas Neues zu schaffen. Etwas Interessantes, Einzigartiges, Sch\u00f6nes, das man sich gerne ansieht, dessen Anblick einem Freude bereitet. \ud83d\ude42<\/p>\n\n\n\n<p style=\"font-size:18px;\">Ich fotografiere nicht professionell, Fotografieren ist f\u00fcr mich einfach ein Hobby, das ich seit meiner Kindheit mit viel Freude aus\u00fcbe.<\/p>\n<\/div><\/div>\n","protected":false},"excerpt":{"rendered":"<p>Schon als Kind habe ich es geliebt zu fotografieren. Erst mit einer kleinen analogen Kamera, sp\u00e4ter mit einer analogen Spiegelreflexkamera und seit 10 Jahren mit einer digitalen Spiegelreflexkamera. Dieses Hobby begleitet mich bis heute. Es bereitet mir viel Freude, sch\u00f6ne Dinge mit meiner Kamera festzuhalten! Sowohl Menschen als auch die Natur! Zu fotografieren bedeutet f\u00fcr mich sowohl sch\u00f6ne Momente festzuhalten und somit Erinnerungen zu schaffen als auch durch meine Bilder etwas Neues zu schaffen. Etwas Interessantes, Einzigartiges, Sch\u00f6nes, das man sich gerne ansieht, dessen Anblick einem Freude bereitet. \ud83d\ude42 Ich fotografiere nicht professionell, Fotografieren ist f\u00fcr mich einfach ein Hobby, das ich seit meiner Kindheit mit viel Freude aus\u00fcbe.<\/p>\n","protected":false},"author":1,"featured_media":0,"parent":0,"menu_order":1,"comment_status":"closed","ping_status":"closed","template":"","meta":[],"_links":{"self":[{"href":"https:\/\/maries-linse.de\/index.php\/wp-json\/wp\/v2\/pages\/7"}],"collection":[{"href":"https:\/\/maries-linse.de\/index.php\/wp-json\/wp\/v2\/pages"}],"about":[{"href":"https:\/\/maries-linse.de\/index.php\/wp-json\/wp\/v2\/types\/page"}],"author":[{"embeddable":true,"href":"https:\/\/maries-linse.de\/index.php\/wp-json\/wp\/v2\/users\/1"}],"replies":[{"embeddable":true,"href":"https:\/\/maries-linse.de\/index.php\/wp-json\/wp\/v2\/comments?post=7"}],"version-history":[{"count":0,"href":"https:\/\/maries-linse.de\/index.php\/wp-json\/wp\/v2\/pages\/7\/revisions"}],"wp:attachment":[{"href":"https:\/\/maries-linse.de\/index.php\/wp-json\/wp\/v2\/media?parent=7"}],"curies":[{"name":"wp","href":"https:\/\/api.w.org\/{rel}","templated":true}]}}